{"id":47,"date":"2024-02-27T19:24:55","date_gmt":"2024-02-27T19:24:55","guid":{"rendered":"https:\/\/schoolsonsnowatlantic.ca\/french\/?page_id=47"},"modified":"2024-03-07T15:10:15","modified_gmt":"2024-03-07T15:10:15","slug":"lacces-au-plein-air","status":"publish","type":"page","link":"https:\/\/schoolsonsnowatlantic.ca\/french\/lacces-au-plein-air\/","title":{"rendered":"L\u2019acc\u00e8s au plein air"},"content":{"rendered":"\t\t<div data-elementor-type=\"wp-page\" data-elementor-id=\"47\" class=\"elementor elementor-47\" data-elementor-post-type=\"page\">\n\t\t\t\t<div class=\"elementor-element elementor-element-55c5836 e-con-full e-flex e-con e-parent\" data-id=\"55c5836\" data-element_type=\"container\" data-e-type=\"container\" data-settings=\"{&quot;background_background&quot;:&quot;classic&quot;}\">\n\t\t<div class=\"elementor-element elementor-element-ae50b8a e-con-full e-flex e-con e-child\" data-id=\"ae50b8a\" data-element_type=\"container\" data-e-type=\"container\" data-settings=\"{&quot;background_background&quot;:&quot;classic&quot;}\">\n\t\t\t\t<div class=\"elementor-element elementor-element-825e02f elementor-widget elementor-widget-spacer\" data-id=\"825e02f\" data-element_type=\"widget\" data-e-type=\"widget\" data-widget_type=\"spacer.default\">\n\t\t\t\t<div class=\"elementor-widget-container\">\n\t\t\t\t\t\t\t<div class=\"elementor-spacer\">\n\t\t\t<div class=\"elementor-spacer-inner\"><\/div>\n\t\t<\/div>\n\t\t\t\t\t\t<\/div>\n\t\t\t\t<\/div>\n\t\t\t\t<div class=\"elementor-element elementor-element-251a956 elementor-widget elementor-widget-heading\" data-id=\"251a956\" data-element_type=\"widget\" data-e-type=\"widget\" data-widget_type=\"heading.default\">\n\t\t\t\t<div class=\"elementor-widget-container\">\n\t\t\t\t\t<h2 class=\"elementor-heading-title elementor-size-default\">Sortez la classe de l\u2019\u00e9cole!<\/h2>\t\t\t\t<\/div>\n\t\t\t\t<\/div>\n\t\t\t\t<div class=\"elementor-element elementor-element-3622060 elementor-widget elementor-widget-text-editor\" data-id=\"3622060\" data-element_type=\"widget\" data-e-type=\"widget\" data-widget_type=\"text-editor.default\">\n\t\t\t\t<div class=\"elementor-widget-container\">\n\t\t\t\t\t\t\t\t\t<p>D\u00e9veloppez des corps et des esprits sains et faites sourire les enfants en leur offrant des activit\u00e9s de plein air tout au long de l\u2019ann\u00e9e!<\/p>\t\t\t\t\t\t\t\t<\/div>\n\t\t\t\t<\/div>\n\t\t\t\t<div class=\"elementor-element elementor-element-8730332 elementor-widget elementor-widget-button\" data-id=\"8730332\" data-element_type=\"widget\" data-e-type=\"widget\" data-widget_type=\"button.default\">\n\t\t\t\t<div class=\"elementor-widget-container\">\n\t\t\t\t\t\t\t\t\t<div class=\"elementor-button-wrapper\">\n\t\t\t\t\t<a class=\"elementor-button elementor-button-link elementor-size-sm\" href=\"#more-access-info\">\n\t\t\t\t\t\t<span class=\"elementor-button-content-wrapper\">\n\t\t\t\t\t\t\t\t\t<span class=\"elementor-button-text\">EN SAVOIR PLUS<\/span>\n\t\t\t\t\t<\/span>\n\t\t\t\t\t<\/a>\n\t\t\t\t<\/div>\n\t\t\t\t\t\t\t\t<\/div>\n\t\t\t\t<\/div>\n\t\t\t\t<div class=\"elementor-element elementor-element-b16be00 elementor-widget elementor-widget-spacer\" data-id=\"b16be00\" data-element_type=\"widget\" data-e-type=\"widget\" data-widget_type=\"spacer.default\">\n\t\t\t\t<div class=\"elementor-widget-container\">\n\t\t\t\t\t\t\t<div class=\"elementor-spacer\">\n\t\t\t<div class=\"elementor-spacer-inner\"><\/div>\n\t\t<\/div>\n\t\t\t\t\t\t<\/div>\n\t\t\t\t<\/div>\n\t\t\t\t<\/div>\n\t\t<div class=\"elementor-element elementor-element-20f61a2 e-con-full e-flex e-con e-child\" data-id=\"20f61a2\" data-element_type=\"container\" data-e-type=\"container\">\n\t\t\t\t<div class=\"elementor-element elementor-element-ec6a14f elementor-hidden-tablet_extra elementor-hidden-tablet elementor-hidden-mobile_extra elementor-hidden-mobile elementor-widget elementor-widget-spacer\" data-id=\"ec6a14f\" data-element_type=\"widget\" data-e-type=\"widget\" data-widget_type=\"spacer.default\">\n\t\t\t\t<div class=\"elementor-widget-container\">\n\t\t\t\t\t\t\t<div class=\"elementor-spacer\">\n\t\t\t<div class=\"elementor-spacer-inner\"><\/div>\n\t\t<\/div>\n\t\t\t\t\t\t<\/div>\n\t\t\t\t<\/div>\n\t\t\t\t<div class=\"elementor-element elementor-element-abfa36c elementor-hidden-widescreen elementor-hidden-desktop elementor-hidden-laptop elementor-widget elementor-widget-image\" data-id=\"abfa36c\" data-element_type=\"widget\" data-e-type=\"widget\" data-widget_type=\"image.default\">\n\t\t\t\t<div class=\"elementor-widget-container\">\n\t\t\t\t\t\t\t\t\t\t\t\t\t\t\t<img fetchpriority=\"high\" decoding=\"async\" width=\"800\" height=\"600\" src=\"https:\/\/schoolsonsnowatlantic.ca\/french\/wp-content\/uploads\/2024\/03\/accessing-the-outdoors-background-MOBILE-hero.jpg\" class=\"attachment-large size-large wp-image-927\" alt=\"\" srcset=\"https:\/\/schoolsonsnowatlantic.ca\/french\/wp-content\/uploads\/2024\/03\/accessing-the-outdoors-background-MOBILE-hero.jpg 1024w, https:\/\/schoolsonsnowatlantic.ca\/french\/wp-content\/uploads\/2024\/03\/accessing-the-outdoors-background-MOBILE-hero-300x225.jpg 300w, https:\/\/schoolsonsnowatlantic.ca\/french\/wp-content\/uploads\/2024\/03\/accessing-the-outdoors-background-MOBILE-hero-768x576.jpg 768w\" sizes=\"(max-width: 800px) 100vw, 800px\" \/>\t\t\t\t\t\t\t\t\t\t\t\t\t\t\t<\/div>\n\t\t\t\t<\/div>\n\t\t\t\t<\/div>\n\t\t\t\t<\/div>\n\t\t<div class=\"elementor-element elementor-element-2ead2cb e-flex e-con-boxed e-con e-parent\" data-id=\"2ead2cb\" data-element_type=\"container\" data-e-type=\"container\" id=\"more-access-info\">\n\t\t\t\t\t<div class=\"e-con-inner\">\n\t\t\t\t<div class=\"elementor-element elementor-element-6618009 elementor-widget elementor-widget-text-editor\" data-id=\"6618009\" data-element_type=\"widget\" data-e-type=\"widget\" data-widget_type=\"text-editor.default\">\n\t\t\t\t<div class=\"elementor-widget-container\">\n\t\t\t\t\t\t\t\t\t<p>\u00c9coles sur neige \u2013 Atlantique croit fermement aux joies de la vie en plein air pendant la saison hivernale. Qu\u2019il s\u2019agisse de d\u00e9couvrir la riche histoire de notre territoire ou d\u2019\u00e9tablir des liens avec le monde qui nous entoure, il n\u2019y a pas de limite \u00e0 ce que nous pouvons apprendre et accomplir \u00e0 l\u2019ext\u00e9rieur!<\/p><p>Cet hiver, pourquoi ne pas essayer d\u2019organiser une le\u00e7on \u00e0 l\u2019ext\u00e9rieur et d\u2019utiliser l\u2019environnement naturel pour valoriser l\u2019apprentissage des \u00e9l\u00e8ves? Profitez de l\u2019exp\u00e9rience hivernale!<\/p><p>Nous avons rassembl\u00e9 un grand nombre de ressources et d\u2019aides pour les enseignant(e)s qui souhaitent proposer un apprentissage en plein air tout au long de l\u2019ann\u00e9e.<\/p>\t\t\t\t\t\t\t\t<\/div>\n\t\t\t\t<\/div>\n\t\t\t\t\t<\/div>\n\t\t\t\t<\/div>\n\t\t<div class=\"elementor-element elementor-element-2cb6272 e-flex e-con-boxed e-con e-parent\" data-id=\"2cb6272\" data-element_type=\"container\" data-e-type=\"container\">\n\t\t\t\t\t<div class=\"e-con-inner\">\n\t\t\t\t<div class=\"elementor-element elementor-element-7d414c4 elementor-widget elementor-widget-heading\" data-id=\"7d414c4\" data-element_type=\"widget\" data-e-type=\"widget\" data-widget_type=\"heading.default\">\n\t\t\t\t<div class=\"elementor-widget-container\">\n\t\t\t\t\t<h2 class=\"elementor-heading-title elementor-size-default\">Choisissez votre province<\/h2>\t\t\t\t<\/div>\n\t\t\t\t<\/div>\n\t\t\t\t<div class=\"elementor-element elementor-element-163bdb7 elementor-widget elementor-widget-jet-listing-grid\" data-id=\"163bdb7\" data-element_type=\"widget\" data-e-type=\"widget\" data-settings=\"{&quot;columns&quot;:&quot;4&quot;,&quot;columns_tablet&quot;:&quot;2&quot;}\" data-widget_type=\"jet-listing-grid.default\">\n\t\t\t\t<div class=\"elementor-widget-container\">\n\t\t\t\t\t<div class=\"jet-listing-grid jet-listing\"><div class=\"jet-listing-grid__items grid-col-desk-4 grid-col-tablet-2 grid-col-mobile-2 jet-listing-grid--970\" data-queried-id=\"47|WP_Post\" data-nav=\"{&quot;enabled&quot;:false,&quot;type&quot;:null,&quot;more_el&quot;:null,&quot;query&quot;:[],&quot;widget_settings&quot;:{&quot;lisitng_id&quot;:970,&quot;posts_num&quot;:6,&quot;columns&quot;:4,&quot;columns_tablet&quot;:2,&quot;columns_mobile&quot;:2,&quot;is_archive_template&quot;:&quot;&quot;,&quot;post_status&quot;:[&quot;publish&quot;],&quot;use_random_posts_num&quot;:&quot;&quot;,&quot;max_posts_num&quot;:9,&quot;not_found_message&quot;:&quot;No data was found&quot;,&quot;is_masonry&quot;:false,&quot;equal_columns_height&quot;:&quot;&quot;,&quot;use_load_more&quot;:&quot;&quot;,&quot;load_more_id&quot;:&quot;&quot;,&quot;load_more_type&quot;:&quot;click&quot;,&quot;load_more_offset&quot;:{&quot;unit&quot;:&quot;px&quot;,&quot;size&quot;:0,&quot;sizes&quot;:[]},&quot;use_custom_post_types&quot;:&quot;&quot;,&quot;custom_post_types&quot;:[],&quot;hide_widget_if&quot;:&quot;&quot;,&quot;carousel_enabled&quot;:&quot;&quot;,&quot;slides_to_scroll&quot;:&quot;1&quot;,&quot;arrows&quot;:&quot;true&quot;,&quot;arrow_icon&quot;:&quot;fa fa-angle-left&quot;,&quot;dots&quot;:&quot;&quot;,&quot;autoplay&quot;:&quot;true&quot;,&quot;pause_on_hover&quot;:&quot;true&quot;,&quot;autoplay_speed&quot;:5000,&quot;infinite&quot;:&quot;true&quot;,&quot;center_mode&quot;:&quot;&quot;,&quot;effect&quot;:&quot;slide&quot;,&quot;speed&quot;:500,&quot;inject_alternative_items&quot;:&quot;&quot;,&quot;injection_items&quot;:[],&quot;scroll_slider_enabled&quot;:&quot;&quot;,&quot;scroll_slider_on&quot;:[&quot;desktop&quot;,&quot;tablet&quot;,&quot;mobile&quot;],&quot;custom_query&quot;:false,&quot;custom_query_id&quot;:&quot;&quot;,&quot;_element_id&quot;:&quot;&quot;}}\" data-page=\"1\" data-pages=\"1\" data-listing-source=\"terms\" data-listing-id=\"970\" data-query-id=\"\"><div class=\"jet-listing-grid__item jet-listing-dynamic-post-12\" data-post-id=\"12\" >\t\t<div data-elementor-type=\"jet-listing-items\" data-elementor-id=\"970\" class=\"elementor elementor-970\" data-elementor-post-type=\"jet-engine\">\n\t\t\t\t<a class=\"elementor-element elementor-element-29db74f e-con-full e-flex e-con e-parent\" data-id=\"29db74f\" data-element_type=\"container\" data-e-type=\"container\" data-settings=\"{&quot;background_background&quot;:&quot;classic&quot;}\" href=\"https:\/\/schoolsonsnowatlantic.ca\/french\/resource-location\/terre-neuve-et-labrador\/\">\n\t\t\t\t<div class=\"elementor-element elementor-element-601854f elementor-widget elementor-widget-heading\" data-id=\"601854f\" data-element_type=\"widget\" data-e-type=\"widget\" data-widget_type=\"heading.default\">\n\t\t\t\t<div class=\"elementor-widget-container\">\n\t\t\t\t\t<h2 class=\"elementor-heading-title elementor-size-default\">Terre-Neuve et Labrador<\/h2>\t\t\t\t<\/div>\n\t\t\t\t<\/div>\n\t\t\t\t<\/a>\n\t\t\t\t<\/div>\n\t\t<\/div><div class=\"jet-listing-grid__item jet-listing-dynamic-post-14\" data-post-id=\"14\" >\t\t<div data-elementor-type=\"jet-listing-items\" data-elementor-id=\"970\" class=\"elementor elementor-970\" data-elementor-post-type=\"jet-engine\">\n\t\t\t\t<a class=\"elementor-element elementor-element-29db74f e-con-full e-flex e-con e-parent\" data-id=\"29db74f\" data-element_type=\"container\" data-e-type=\"container\" data-settings=\"{&quot;background_background&quot;:&quot;classic&quot;}\" href=\"https:\/\/schoolsonsnowatlantic.ca\/french\/resource-location\/nouvelle-ecosse\/\">\n\t\t\t\t<div class=\"elementor-element elementor-element-601854f elementor-widget elementor-widget-heading\" data-id=\"601854f\" data-element_type=\"widget\" data-e-type=\"widget\" data-widget_type=\"heading.default\">\n\t\t\t\t<div class=\"elementor-widget-container\">\n\t\t\t\t\t<h2 class=\"elementor-heading-title elementor-size-default\">Nouvelle-\u00c9cosse<\/h2>\t\t\t\t<\/div>\n\t\t\t\t<\/div>\n\t\t\t\t<\/a>\n\t\t\t\t<\/div>\n\t\t<\/div><div class=\"jet-listing-grid__item jet-listing-dynamic-post-13\" data-post-id=\"13\" >\t\t<div data-elementor-type=\"jet-listing-items\" data-elementor-id=\"970\" class=\"elementor elementor-970\" data-elementor-post-type=\"jet-engine\">\n\t\t\t\t<a class=\"elementor-element elementor-element-29db74f e-con-full e-flex e-con e-parent\" data-id=\"29db74f\" data-element_type=\"container\" data-e-type=\"container\" data-settings=\"{&quot;background_background&quot;:&quot;classic&quot;}\" href=\"https:\/\/schoolsonsnowatlantic.ca\/french\/resource-location\/nouveau-brunswick\/\">\n\t\t\t\t<div class=\"elementor-element elementor-element-601854f elementor-widget elementor-widget-heading\" data-id=\"601854f\" data-element_type=\"widget\" data-e-type=\"widget\" data-widget_type=\"heading.default\">\n\t\t\t\t<div class=\"elementor-widget-container\">\n\t\t\t\t\t<h2 class=\"elementor-heading-title elementor-size-default\">Nouveau-Brunswick<\/h2>\t\t\t\t<\/div>\n\t\t\t\t<\/div>\n\t\t\t\t<\/a>\n\t\t\t\t<\/div>\n\t\t<\/div><div class=\"jet-listing-grid__item jet-listing-dynamic-post-15\" data-post-id=\"15\" >\t\t<div data-elementor-type=\"jet-listing-items\" data-elementor-id=\"970\" class=\"elementor elementor-970\" data-elementor-post-type=\"jet-engine\">\n\t\t\t\t<a class=\"elementor-element elementor-element-29db74f e-con-full e-flex e-con e-parent\" data-id=\"29db74f\" data-element_type=\"container\" data-e-type=\"container\" data-settings=\"{&quot;background_background&quot;:&quot;classic&quot;}\" href=\"https:\/\/schoolsonsnowatlantic.ca\/french\/resource-location\/ile-du-prince-edouard\/\">\n\t\t\t\t<div class=\"elementor-element elementor-element-601854f elementor-widget elementor-widget-heading\" data-id=\"601854f\" data-element_type=\"widget\" data-e-type=\"widget\" data-widget_type=\"heading.default\">\n\t\t\t\t<div class=\"elementor-widget-container\">\n\t\t\t\t\t<h2 class=\"elementor-heading-title elementor-size-default\">\u00cele-du-Prince-\u00c9douard<\/h2>\t\t\t\t<\/div>\n\t\t\t\t<\/div>\n\t\t\t\t<\/a>\n\t\t\t\t<\/div>\n\t\t<\/div><\/div><\/div>\t\t\t\t<\/div>\n\t\t\t\t<\/div>\n\t\t\t\t\t<\/div>\n\t\t\t\t<\/div>\n\t\t\t\t<\/div>\n\t\t","protected":false},"excerpt":{"rendered":"<p>Sortez la classe de l\u2019\u00e9cole! D\u00e9veloppez des corps et des esprits sains et faites sourire les enfants en leur offrant des activit\u00e9s de plein air tout au long de l\u2019ann\u00e9e! EN SAVOIR PLUS \u00c9coles sur neige \u2013 Atlantique croit fermement aux joies de la vie en plein air pendant la saison hivernale. Qu\u2019il s\u2019agisse de [&hellip;]<\/p>\n","protected":false},"author":1,"featured_media":0,"parent":0,"menu_order":0,"comment_status":"closed","ping_status":"closed","template":"elementor_header_footer","meta":{"footnotes":""},"class_list":["post-47","page","type-page","status-publish","hentry"],"yoast_head":"<!-- This site is optimized with the Yoast SEO plugin v27.4 - https:\/\/yoast.com\/product\/yoast-seo-wordpress\/ -->\n<title>L\u2019acc\u00e8s au plein air - &Eacute;coles sur neige &ndash; Atlantique<\/title>\n<meta name=\"robots\" content=\"index, follow, max-snippet:-1, max-image-preview:large, max-video-preview:-1\" \/>\n<link rel=\"canonical\" href=\"https:\/\/schoolsonsnowatlantic.ca\/french\/lacces-au-plein-air\/\" \/>\n<meta property=\"og:locale\" content=\"en_US\" \/>\n<meta property=\"og:type\" content=\"article\" \/>\n<meta property=\"og:title\" content=\"L\u2019acc\u00e8s au plein air - &Eacute;coles sur neige &ndash; Atlantique\" \/>\n<meta property=\"og:description\" content=\"Sortez la classe de l\u2019\u00e9cole! D\u00e9veloppez des corps et des esprits sains et faites sourire les enfants en leur offrant des activit\u00e9s de plein air tout au long de l\u2019ann\u00e9e! EN SAVOIR PLUS \u00c9coles sur neige \u2013 Atlantique croit fermement aux joies de la vie en plein air pendant la saison hivernale. Qu\u2019il s\u2019agisse de [&hellip;]\" \/>\n<meta property=\"og:url\" content=\"https:\/\/schoolsonsnowatlantic.ca\/french\/lacces-au-plein-air\/\" \/>\n<meta property=\"og:site_name\" content=\"&Eacute;coles sur neige &ndash; Atlantique\" \/>\n<meta property=\"article:modified_time\" content=\"2024-03-07T15:10:15+00:00\" \/>\n<meta property=\"og:image\" content=\"https:\/\/schoolsonsnowatlantic.ca\/french\/wp-content\/uploads\/2024\/03\/accessing-the-outdoors-background-MOBILE-hero.jpg\" \/>\n<meta name=\"twitter:card\" content=\"summary_large_image\" \/>\n<meta name=\"twitter:label1\" content=\"Est. reading time\" \/>\n\t<meta name=\"twitter:data1\" content=\"1 minute\" \/>\n<script type=\"application\/ld+json\" class=\"yoast-schema-graph\">{\"@context\":\"https:\\\/\\\/schema.org\",\"@graph\":[{\"@type\":\"WebPage\",\"@id\":\"https:\\\/\\\/schoolsonsnowatlantic.ca\\\/french\\\/lacces-au-plein-air\\\/\",\"url\":\"https:\\\/\\\/schoolsonsnowatlantic.ca\\\/french\\\/lacces-au-plein-air\\\/\",\"name\":\"L\u2019acc\u00e8s au plein air - &Eacute;coles sur neige &ndash; Atlantique\",\"isPartOf\":{\"@id\":\"https:\\\/\\\/schoolsonsnowatlantic.ca\\\/french\\\/#website\"},\"primaryImageOfPage\":{\"@id\":\"https:\\\/\\\/schoolsonsnowatlantic.ca\\\/french\\\/lacces-au-plein-air\\\/#primaryimage\"},\"image\":{\"@id\":\"https:\\\/\\\/schoolsonsnowatlantic.ca\\\/french\\\/lacces-au-plein-air\\\/#primaryimage\"},\"thumbnailUrl\":\"https:\\\/\\\/schoolsonsnowatlantic.ca\\\/french\\\/wp-content\\\/uploads\\\/2024\\\/03\\\/accessing-the-outdoors-background-MOBILE-hero.jpg\",\"datePublished\":\"2024-02-27T19:24:55+00:00\",\"dateModified\":\"2024-03-07T15:10:15+00:00\",\"breadcrumb\":{\"@id\":\"https:\\\/\\\/schoolsonsnowatlantic.ca\\\/french\\\/lacces-au-plein-air\\\/#breadcrumb\"},\"inLanguage\":\"en\",\"potentialAction\":[{\"@type\":\"ReadAction\",\"target\":[\"https:\\\/\\\/schoolsonsnowatlantic.ca\\\/french\\\/lacces-au-plein-air\\\/\"]}]},{\"@type\":\"ImageObject\",\"inLanguage\":\"en\",\"@id\":\"https:\\\/\\\/schoolsonsnowatlantic.ca\\\/french\\\/lacces-au-plein-air\\\/#primaryimage\",\"url\":\"https:\\\/\\\/schoolsonsnowatlantic.ca\\\/french\\\/wp-content\\\/uploads\\\/2024\\\/03\\\/accessing-the-outdoors-background-MOBILE-hero.jpg\",\"contentUrl\":\"https:\\\/\\\/schoolsonsnowatlantic.ca\\\/french\\\/wp-content\\\/uploads\\\/2024\\\/03\\\/accessing-the-outdoors-background-MOBILE-hero.jpg\",\"width\":1024,\"height\":768},{\"@type\":\"BreadcrumbList\",\"@id\":\"https:\\\/\\\/schoolsonsnowatlantic.ca\\\/french\\\/lacces-au-plein-air\\\/#breadcrumb\",\"itemListElement\":[{\"@type\":\"ListItem\",\"position\":1,\"name\":\"Home\",\"item\":\"https:\\\/\\\/schoolsonsnowatlantic.ca\\\/french\\\/\"},{\"@type\":\"ListItem\",\"position\":2,\"name\":\"L\u2019acc\u00e8s au plein air\"}]},{\"@type\":\"WebSite\",\"@id\":\"https:\\\/\\\/schoolsonsnowatlantic.ca\\\/french\\\/#website\",\"url\":\"https:\\\/\\\/schoolsonsnowatlantic.ca\\\/french\\\/\",\"name\":\"Schools on Snow - Atlantic\",\"description\":\"Donner aux &eacute;ducateurs et aux &eacute;tudiants les moyens d&rsquo;acc&eacute;der aux exp&eacute;riences d&rsquo;apprentissage en plein air lors de la saison hivernale.\",\"publisher\":{\"@id\":\"https:\\\/\\\/schoolsonsnowatlantic.ca\\\/french\\\/#organization\"},\"potentialAction\":[{\"@type\":\"SearchAction\",\"target\":{\"@type\":\"EntryPoint\",\"urlTemplate\":\"https:\\\/\\\/schoolsonsnowatlantic.ca\\\/french\\\/?s={search_term_string}\"},\"query-input\":{\"@type\":\"PropertyValueSpecification\",\"valueRequired\":true,\"valueName\":\"search_term_string\"}}],\"inLanguage\":\"en\"},{\"@type\":\"Organization\",\"@id\":\"https:\\\/\\\/schoolsonsnowatlantic.ca\\\/french\\\/#organization\",\"name\":\"Schools on Snow - Atlantic\",\"url\":\"https:\\\/\\\/schoolsonsnowatlantic.ca\\\/french\\\/\",\"logo\":{\"@type\":\"ImageObject\",\"inLanguage\":\"en\",\"@id\":\"https:\\\/\\\/schoolsonsnowatlantic.ca\\\/french\\\/#\\\/schema\\\/logo\\\/image\\\/\",\"url\":\"https:\\\/\\\/schoolsonsnowatlantic.ca\\\/french\\\/wp-content\\\/uploads\\\/2024\\\/03\\\/Schools-on-Snow-Atlantic-logo-FR.png\",\"contentUrl\":\"https:\\\/\\\/schoolsonsnowatlantic.ca\\\/french\\\/wp-content\\\/uploads\\\/2024\\\/03\\\/Schools-on-Snow-Atlantic-logo-FR.png\",\"width\":499,\"height\":335,\"caption\":\"Schools on Snow - Atlantic\"},\"image\":{\"@id\":\"https:\\\/\\\/schoolsonsnowatlantic.ca\\\/french\\\/#\\\/schema\\\/logo\\\/image\\\/\"}}]}<\/script>\n<!-- \/ Yoast SEO plugin. -->","yoast_head_json":{"title":"L\u2019acc\u00e8s au plein air - &Eacute;coles sur neige &ndash; Atlantique","robots":{"index":"index","follow":"follow","max-snippet":"max-snippet:-1","max-image-preview":"max-image-preview:large","max-video-preview":"max-video-preview:-1"},"canonical":"https:\/\/schoolsonsnowatlantic.ca\/french\/lacces-au-plein-air\/","og_locale":"en_US","og_type":"article","og_title":"L\u2019acc\u00e8s au plein air - &Eacute;coles sur neige &ndash; Atlantique","og_description":"Sortez la classe de l\u2019\u00e9cole! D\u00e9veloppez des corps et des esprits sains et faites sourire les enfants en leur offrant des activit\u00e9s de plein air tout au long de l\u2019ann\u00e9e! EN SAVOIR PLUS \u00c9coles sur neige \u2013 Atlantique croit fermement aux joies de la vie en plein air pendant la saison hivernale. Qu\u2019il s\u2019agisse de [&hellip;]","og_url":"https:\/\/schoolsonsnowatlantic.ca\/french\/lacces-au-plein-air\/","og_site_name":"&Eacute;coles sur neige &ndash; Atlantique","article_modified_time":"2024-03-07T15:10:15+00:00","og_image":[{"url":"https:\/\/schoolsonsnowatlantic.ca\/french\/wp-content\/uploads\/2024\/03\/accessing-the-outdoors-background-MOBILE-hero.jpg","type":"","width":"","height":""}],"twitter_card":"summary_large_image","twitter_misc":{"Est. reading time":"1 minute"},"schema":{"@context":"https:\/\/schema.org","@graph":[{"@type":"WebPage","@id":"https:\/\/schoolsonsnowatlantic.ca\/french\/lacces-au-plein-air\/","url":"https:\/\/schoolsonsnowatlantic.ca\/french\/lacces-au-plein-air\/","name":"L\u2019acc\u00e8s au plein air - &Eacute;coles sur neige &ndash; Atlantique","isPartOf":{"@id":"https:\/\/schoolsonsnowatlantic.ca\/french\/#website"},"primaryImageOfPage":{"@id":"https:\/\/schoolsonsnowatlantic.ca\/french\/lacces-au-plein-air\/#primaryimage"},"image":{"@id":"https:\/\/schoolsonsnowatlantic.ca\/french\/lacces-au-plein-air\/#primaryimage"},"thumbnailUrl":"https:\/\/schoolsonsnowatlantic.ca\/french\/wp-content\/uploads\/2024\/03\/accessing-the-outdoors-background-MOBILE-hero.jpg","datePublished":"2024-02-27T19:24:55+00:00","dateModified":"2024-03-07T15:10:15+00:00","breadcrumb":{"@id":"https:\/\/schoolsonsnowatlantic.ca\/french\/lacces-au-plein-air\/#breadcrumb"},"inLanguage":"en","potentialAction":[{"@type":"ReadAction","target":["https:\/\/schoolsonsnowatlantic.ca\/french\/lacces-au-plein-air\/"]}]},{"@type":"ImageObject","inLanguage":"en","@id":"https:\/\/schoolsonsnowatlantic.ca\/french\/lacces-au-plein-air\/#primaryimage","url":"https:\/\/schoolsonsnowatlantic.ca\/french\/wp-content\/uploads\/2024\/03\/accessing-the-outdoors-background-MOBILE-hero.jpg","contentUrl":"https:\/\/schoolsonsnowatlantic.ca\/french\/wp-content\/uploads\/2024\/03\/accessing-the-outdoors-background-MOBILE-hero.jpg","width":1024,"height":768},{"@type":"BreadcrumbList","@id":"https:\/\/schoolsonsnowatlantic.ca\/french\/lacces-au-plein-air\/#breadcrumb","itemListElement":[{"@type":"ListItem","position":1,"name":"Home","item":"https:\/\/schoolsonsnowatlantic.ca\/french\/"},{"@type":"ListItem","position":2,"name":"L\u2019acc\u00e8s au plein air"}]},{"@type":"WebSite","@id":"https:\/\/schoolsonsnowatlantic.ca\/french\/#website","url":"https:\/\/schoolsonsnowatlantic.ca\/french\/","name":"Schools on Snow - Atlantic","description":"Donner aux &eacute;ducateurs et aux &eacute;tudiants les moyens d&rsquo;acc&eacute;der aux exp&eacute;riences d&rsquo;apprentissage en plein air lors de la saison hivernale.","publisher":{"@id":"https:\/\/schoolsonsnowatlantic.ca\/french\/#organization"},"potentialAction":[{"@type":"SearchAction","target":{"@type":"EntryPoint","urlTemplate":"https:\/\/schoolsonsnowatlantic.ca\/french\/?s={search_term_string}"},"query-input":{"@type":"PropertyValueSpecification","valueRequired":true,"valueName":"search_term_string"}}],"inLanguage":"en"},{"@type":"Organization","@id":"https:\/\/schoolsonsnowatlantic.ca\/french\/#organization","name":"Schools on Snow - Atlantic","url":"https:\/\/schoolsonsnowatlantic.ca\/french\/","logo":{"@type":"ImageObject","inLanguage":"en","@id":"https:\/\/schoolsonsnowatlantic.ca\/french\/#\/schema\/logo\/image\/","url":"https:\/\/schoolsonsnowatlantic.ca\/french\/wp-content\/uploads\/2024\/03\/Schools-on-Snow-Atlantic-logo-FR.png","contentUrl":"https:\/\/schoolsonsnowatlantic.ca\/french\/wp-content\/uploads\/2024\/03\/Schools-on-Snow-Atlantic-logo-FR.png","width":499,"height":335,"caption":"Schools on Snow - Atlantic"},"image":{"@id":"https:\/\/schoolsonsnowatlantic.ca\/french\/#\/schema\/logo\/image\/"}}]}},"_links":{"self":[{"href":"https:\/\/schoolsonsnowatlantic.ca\/french\/wp-json\/wp\/v2\/pages\/47","targetHints":{"allow":["GET"]}}],"collection":[{"href":"https:\/\/schoolsonsnowatlantic.ca\/french\/wp-json\/wp\/v2\/pages"}],"about":[{"href":"https:\/\/schoolsonsnowatlantic.ca\/french\/wp-json\/wp\/v2\/types\/page"}],"author":[{"embeddable":true,"href":"https:\/\/schoolsonsnowatlantic.ca\/french\/wp-json\/wp\/v2\/users\/1"}],"replies":[{"embeddable":true,"href":"https:\/\/schoolsonsnowatlantic.ca\/french\/wp-json\/wp\/v2\/comments?post=47"}],"version-history":[{"count":53,"href":"https:\/\/schoolsonsnowatlantic.ca\/french\/wp-json\/wp\/v2\/pages\/47\/revisions"}],"predecessor-version":[{"id":1427,"href":"https:\/\/schoolsonsnowatlantic.ca\/french\/wp-json\/wp\/v2\/pages\/47\/revisions\/1427"}],"wp:attachment":[{"href":"https:\/\/schoolsonsnowatlantic.ca\/french\/wp-json\/wp\/v2\/media?parent=47"}],"curies":[{"name":"wp","href":"https:\/\/api.w.org\/{rel}","templated":true}]}}